{"id":5,"date":"2024-01-02T14:12:01","date_gmt":"2024-01-02T14:12:01","guid":{"rendered":"https:\/\/meteora-magdeburg.de\/?page_id=5"},"modified":"2026-03-02T03:28:22","modified_gmt":"2026-03-02T03:28:22","slug":"willkommen-auf-https-meteora-magdeburg-de","status":"publish","type":"page","link":"https:\/\/meteora-magdeburg.de\/","title":{"rendered":"Willkommen im Restaurant Meteora!"},"content":{"rendered":"\n<p class=\"has-vivid-red-color has-text-color has-link-color has-medium-font-size wp-elements-a47356929684cf1eef52c8fb1fe04530\">Unser Haus und dessen Gastlichkeit sollen dazu beitragen, Ihnen Stunden der Entspannung zu bereiten.<br>Unser Koch erwartet Ihre W\u00fcnsche und wird alle Speisen frisch nach original griechischen Rezepten zubereiten.<br>Wir richten f\u00fcr sie gern Feierlichkeiten, wie z.B. Geburtstags-, Firmen-, Familienfeiern oder Einschulungen bei uns im Restaurant aus.<br>Wir w\u00fcrden uns freuen, Sie recht bald bei uns begr\u00fc\u00dfen zu d\u00fcrfen.<\/p>\n\n\n\n<p><strong>Ihr Paulos Nika und das Team vom Restaurant METEORA<\/strong><\/p>\n\n\n\n<hr class=\"wp-block-separator has-alpha-channel-opacity\"\/>\n\n\n\n<p><\/p>\n","protected":false},"excerpt":{"rendered":"<p>Unser Haus und dessen Gastlichkeit sollen dazu beitragen, Ihnen Stunden der Entspannung zu bereiten.Unser Koch erwartet Ihre W\u00fcnsche und wird alle Speisen frisch nach original griechischen Rezepten zubereiten.Wir richten f\u00fcr [&hellip;]<\/p>\n","protected":false},"author":1,"featured_media":0,"parent":0,"menu_order":0,"comment_status":"closed","ping_status":"open","template":"","meta":{"footnotes":""},"class_list":["post-5","page","type-page","status-publish","czr-hentry"],"_links":{"self":[{"href":"https:\/\/meteora-magdeburg.de\/index.php?rest_route=\/wp\/v2\/pages\/5","targetHints":{"allow":["GET"]}}],"collection":[{"href":"https:\/\/meteora-magdeburg.de\/index.php?rest_route=\/wp\/v2\/pages"}],"about":[{"href":"https:\/\/meteora-magdeburg.de\/index.php?rest_route=\/wp\/v2\/types\/page"}],"author":[{"embeddable":true,"href":"https:\/\/meteora-magdeburg.de\/index.php?rest_route=\/wp\/v2\/users\/1"}],"replies":[{"embeddable":true,"href":"https:\/\/meteora-magdeburg.de\/index.php?rest_route=%2Fwp%2Fv2%2Fcomments&post=5"}],"version-history":[{"count":23,"href":"https:\/\/meteora-magdeburg.de\/index.php?rest_route=\/wp\/v2\/pages\/5\/revisions"}],"predecessor-version":[{"id":234,"href":"https:\/\/meteora-magdeburg.de\/index.php?rest_route=\/wp\/v2\/pages\/5\/revisions\/234"}],"wp:attachment":[{"href":"https:\/\/meteora-magdeburg.de\/index.php?rest_route=%2Fwp%2Fv2%2Fmedia&parent=5"}],"curies":[{"name":"wp","href":"https:\/\/api.w.org\/{rel}","templated":true}]}}